{"id":6390,"date":"2020-06-18T19:04:28","date_gmt":"2020-06-18T19:04:28","guid":{"rendered":"https:\/\/dagroup.pxdev.xyz\/?page_id=6390"},"modified":"2020-06-30T10:47:29","modified_gmt":"2020-06-30T10:47:29","slug":"privacy-mentions-legales","status":"publish","type":"page","link":"https:\/\/dagroup.pxdev.xyz\/en\/privacy-mentions-legales\/","title":{"rendered":"Privacy &#8211; Mentions L\u00e9gales"},"content":{"rendered":"<div data-elementor-type=\"wp-page\" data-elementor-id=\"6390\" class=\"elementor elementor-6390\" data-elementor-post-type=\"page\">\n\t\t\t\t\t\t<section class=\"elementor-section elementor-top-section elementor-element elementor-element-021f9bd elementor-section-boxed elementor-section-height-default elementor-section-height-default\" data-id=\"021f9bd\" data-element_type=\"section\" data-e-type=\"section\">\n\t\t\t\t\t\t<div class=\"elementor-container elementor-column-gap-default\">\n\t\t\t\t\t<div class=\"elementor-column elementor-col-100 elementor-top-column elementor-element elementor-element-363cd20\" data-id=\"363cd20\" data-element_type=\"column\" data-e-type=\"column\">\n\t\t\t<div class=\"elementor-widget-wrap elementor-element-populated\">\n\t\t\t\t\t\t<div class=\"elementor-element elementor-element-ff462cb elementor-widget elementor-widget-heading\" data-id=\"ff462cb\" data-element_type=\"widget\" data-e-type=\"widget\" data-widget_type=\"heading.default\">\n\t\t\t\t<div class=\"elementor-widget-container\">\n\t\t\t\t\t<h4 class=\"elementor-heading-title elementor-size-default\">Privacy - Legal<\/h4>\t\t\t\t<\/div>\n\t\t\t\t<\/div>\n\t\t\t\t<div class=\"elementor-element elementor-element-61d7e6a elementor-widget elementor-widget-text-editor\" data-id=\"61d7e6a\" data-element_type=\"widget\" data-e-type=\"widget\" data-widget_type=\"text-editor.default\">\n\t\t\t\t<div class=\"elementor-widget-container\">\n\t\t\t\t\t\t\t\t\t<p>LEGAL NOTICE<\/p><p>Please read carefully the different methods of using this site before browsing its pages. By connecting to this site, you unreservedly accept these terms. Also, in accordance with article n \u00b0 6 of Law n \u00b0 2004-575 of June 21, 2004 for confidence in the digital economy, the persons responsible for this website https:\/\/dagroup.pxdev.xyz are:<\/p><p>Site Manager<\/p><p>DA Group<\/p><p>Company Number : 493 549 315<\/p><p>ORIAS No: 07 027 591<\/p><p>Publisher : DA Group, 12 rue de l\u2019\u00e9toile 75017 Paris<\/p><p>Telephone : 01 53 80 99 29<\/p><p>Terms of use<br \/>This site is offered in different web languages (HTML, HTML5, Javascript, CSS, etc.) for better user comfort and more pleasant graphics, we recommend that you use modern browsers such as Internet explorer, Safari, Firefox, Google Chrome, etc. The Internet user must therefore ensure the accuracy of the information with DA Group, and report any modifications to the site that he deems useful. DA Group is in no way responsible for the use made of this information, and for any direct or indirect damage which may result therefrom.<\/p><p class=\"translation-block\">Cookies<br>Cette politique s\u2019applique aux cookies pr\u00e9sents sur le service \u00e9dit\u00e9 par la soci\u00e9t\u00e9 DA Group accessible par un utilisateur (\u00ab Utilisateur \u00bb) via son terminal de connexion (ordinateur, tablette, smartphone etc.) (\u00ab Terminal \u00bb), depuis l\u2019adresse https:\/\/dagroup.pxdev.xyz (\u00ab Site \u00bb).<br>A. D\u00e9finition<br>Les fichiers cookies (\u00ab Cookies \u00bb) sont des fichiers texte non ex\u00e9cutables d\u00e9pos\u00e9s par nous, \u00e0 d\u00e9faut d\u2019opposition de votre part, lorsque vous visitez notre Site. Les donn\u00e9es que nous recueillons au fur et \u00e0 mesure de l\u2019acc\u00e8s et de l\u2019utilisation de notre Site nous sont destin\u00e9es. En effet, les Cookies que nous g\u00e9rons nous permettent, notamment, de comptabiliser le nombre de Terminaux acc\u00e9dant \u00e0 notre Site, d\u2019\u00e9tablir des statistiques de fr\u00e9quentation, d\u2019\u00e9viter \u00e0 l\u2019Utilisateur du Terminal concern\u00e9 de fournir \u00e0 nouveau des donn\u00e9es personnelles qu\u2019il avait ant\u00e9rieurement fournies\u2026<br>B. Les diff\u00e9rents cookies pr\u00e9sents sur notre site<br>Les Cookies de mesure d\u2019audience : Les Cookies de mesure d\u2019audience \u00e9tablissent des statistiques sur le nombre de visites et l\u2019utilisation de notre Site. Des statistiques de fr\u00e9quentation pourront ainsi \u00eatre r\u00e9alis\u00e9es.<br>C. Les moyens dont dispose l\u2019utilisateur pour s\u2019y opposer<\/p><p class=\"translation-block\">Le stockage de fichiers Cookies dans votre Terminal ou l\u2019acc\u00e8s \u00e0 des donn\u00e9es de navigation contenues dans ces fichiers ou rattach\u00e9es \u00e0 ces fichiers, est subordonn\u00e9 \u00e0 votre accord ou \u00e0 votre refus, que vous pouvez manifester \u00e0 tout moment en choisissant l\u2019une des options qui vous sont offertes par votre logiciel de navigation. Si vous avez accept\u00e9 dans votre logiciel de navigation le stockage de fichiers Cookies par votre Terminal ceux-ci pourront \u00eatre stock\u00e9s temporairement dans un espace d\u00e9di\u00e9 de votre Terminal.<br>Pour plus d\u2019information et d\u2019aide, vous pouvez \u00e9galement consulter la page d\u2019aide sp\u00e9cifique au navigateur que vous utilisez :<br>Internet Explorer\u2122 (http:\/\/windows.microsoft.com\/fr-fr\/windows7\/block-enable-or-allow-cookies)\u2028Firefox\u2122 (https:\/\/support.mozilla.org\/fr\/kb\/activer-desactiver-cookies)\u2028Safari\u2122 (http:\/\/www.apple.com\/legal\/privacy\/fr-ww\/cookies\/)\u2028Chrome\u2122 (https:\/\/support.google.com\/chrome\/answer\/95647?hl=fr)\u2028Opera\u2122 (http:\/\/help.opera.com\/Windows\/10.20\/fr\/cookies.html)<br>En continuant votre navigation sur notre site, vous acceptez la mise en place de Cookies sur votre Terminal.<\/p><p class=\"translation-block\">Liens hypertextes<br>Les sites internet peuvent offrir des liens vers d\u2019autres sites internet ou d\u2019autres ressources disponibles sur Internet. DA Group ne dispose d\u2019aucun moyen pour contr\u00f4ler les sites en connexion avec ses sites internet, ne r\u00e9pond pas de la disponibilit\u00e9 de tels sites et sources externes, ni ne la garantit. Elle ne peut \u00eatre tenue pour responsable de tout dommage, de quelque nature que ce soit, r\u00e9sultant du contenu de ces sites ou sources externes, et notamment des informations, produits ou services qu\u2019ils proposent, ou de tout usage qui peut \u00eatre fait de ces \u00e9l\u00e9ments. Les risques li\u00e9s \u00e0 cette utilisation incombent pleinement \u00e0 l\u2019internaute, qui doit se conformer \u00e0 leurs conditions d\u2019utilisation. Les utilisateurs, les abonn\u00e9s et les visiteurs des sites internet de ne peuvent mettre en place un hyperlien en direction de ce site sans l\u2019autorisation expresse et pr\u00e9alable de DA Group. Dans l\u2019hypoth\u00e8se o\u00f9 un utilisateur ou visiteur souhaiterait mettre en place un hyperlien en direction d\u2019un des sites internet de DA Group, il lui appartiendra d\u2019adresser un email accessible sur le site afin de formuler sa demande de mise en place d\u2019un hyperlien. DA Group se r\u00e9serve le droit d\u2019accepter ou de refuser un hyperlien sans avoir \u00e0 en justifier sa d\u00e9cision.<\/p><p class=\"translation-block\">Services fournis<br>L\u2019ensemble des activit\u00e9s de la soci\u00e9t\u00e9 ainsi que ses informations sont pr\u00e9sent\u00e9s sur notre site&lt;;<br>DA Group s\u2019efforce de fournir sur le site des informations aussi pr\u00e9cises que possible. les renseignements figurant sur le site ne sont pas exhaustifs et les photos non contractuelles. Ils sont donn\u00e9s sous r\u00e9serve de modifications ayant \u00e9t\u00e9 apport\u00e9es depuis leur mise en ligne. Par ailleurs, toutes les informations indiqu\u00e9es sur le site, et sont susceptibles de changer ou d\u2019\u00e9voluer sans pr\u00e9avis.<\/p><p class=\"translation-block\">Limitations contractuelles sur les donn\u00e9es<br>Les informations contenues sur ce site sont aussi pr\u00e9cises que possible et le site remis \u00e0 jour \u00e0 diff\u00e9rentes p\u00e9riodes de l\u2019ann\u00e9e, mais peut toutefois contenir des inexactitudes ou des omissions. Si vous constatez une lacune, erreur ou ce qui parait \u00eatre un dysfonctionnement, merci de bien vouloir le signaler par email, \u00e0 l\u2019adresse x, en d\u00e9crivant le probl\u00e8me de la mani\u00e8re la plus pr\u00e9cise possible (page posant probl\u00e8me, type d\u2019ordinateur et de navigateur utilis\u00e9, \u2026). Tout contenu t\u00e9l\u00e9charg\u00e9 se fait aux risques et p\u00e9rils de l\u2019utilisateur et sous sa seule responsabilit\u00e9. En cons\u00e9quence, ne saurait \u00eatre tenu responsable d\u2019un quelconque dommage subi par l\u2019ordinateur de l\u2019utilisateur ou d\u2019une quelconque perte de donn\u00e9es cons\u00e9cutives au t\u00e9l\u00e9chargement. De plus, l\u2019utilisateur du site s\u2019engage \u00e0 acc\u00e9der au site en utilisant un mat\u00e9riel r\u00e9cent, ne contenant pas de virus et avec un navigateur de derni\u00e8re g\u00e9n\u00e9ration mis-\u00e0-jour. Les liens hypertextes mis en place dans le cadre du pr\u00e9sent site internet en direction d\u2019autres ressources pr\u00e9sentes sur le r\u00e9seau Internet ne sauraient engager la responsabilit\u00e9 de DA Group.<\/p><p class=\"translation-block\">All the content of this on the site http:\/\/www.expertposteclients.com, including, without limitation, the graphics, images, texts, videos, animations, sounds, logos, gifs and icons as well as their formatting are the exclusive property of the company with the exception of brands, logos or content belonging to other partner companies or authors. Any reproduction, distribution, modification, adaptation, retransmission or publication, even partial, of these various elements is strictly prohibited without the express written consent of DA Group. This representation or reproduction, by any process whatsoever, constitutes an infringement punishable by articles L.335-2 and following of the Code of intellectual property. Failure to comply with this prohibition constitutes an infringement which may engage the civil and criminal liability of the infringer. In addition, the owners of the copied Content may take legal action against you.<\/p><p>In accordance with law 78-17 of January 6, 1978 (amended by law 2004-801 of August 6, 2004 relating to the protection of individuals with regard to the processing of personal data) relating to data processing, files and freedoms, this site has not been the subject of a declaration to the National Commission for Data Protection (www.cnil.fr).<\/p><p>Disputes<br \/>These conditions of the site http:\/\/www.expertposteclients.com are governed by French law and any dispute or litigation which may arise from the interpretation or execution of these will be the exclusive jurisdiction of the courts on which depends the company's head office. The reference language for the settlement of any disputes is French.<\/p><p>Personal data<br \/>In general, you are not required to communicate your personal data to us when you visit our site.<\/p><p>.<\/p><p>\u00a0<\/p>\t\t\t\t\t\t\t\t<\/div>\n\t\t\t\t<\/div>\n\t\t\t\t\t<\/div>\n\t\t<\/div>\n\t\t\t\t\t<\/div>\n\t\t<\/section>\n\t\t\t\t<\/div>","protected":false},"excerpt":{"rendered":"<p>Privacy &#8211; Mentions L\u00e9gales LEGAL NOTICE Merci de lire avec attention les diff\u00e9rentes modalit\u00e9s d\u2019utilisation du pr\u00e9sent site avant d\u2019y parcourir ses pages. En vous connectant sur ce site, vous acceptez sans r\u00e9serve les pr\u00e9sentes modalit\u00e9s. Aussi, conform\u00e9ment \u00e0 l\u2019article n\u00b06 de la Loi n\u00b02004-575 du 21 Juin 2004 pour la confiance dans l\u2019\u00e9conomie num\u00e9rique, [&hellip;]<\/p>\n","protected":false},"author":3,"featured_media":0,"parent":0,"menu_order":0,"comment_status":"closed","ping_status":"closed","template":"elementor_header_footer","meta":{"footnotes":""},"class_list":["post-6390","page","type-page","status-publish","hentry"],"_links":{"self":[{"href":"https:\/\/dagroup.pxdev.xyz\/en\/wp-json\/wp\/v2\/pages\/6390","targetHints":{"allow":["GET"]}}],"collection":[{"href":"https:\/\/dagroup.pxdev.xyz\/en\/wp-json\/wp\/v2\/pages"}],"about":[{"href":"https:\/\/dagroup.pxdev.xyz\/en\/wp-json\/wp\/v2\/types\/page"}],"author":[{"embeddable":true,"href":"https:\/\/dagroup.pxdev.xyz\/en\/wp-json\/wp\/v2\/users\/3"}],"replies":[{"embeddable":true,"href":"https:\/\/dagroup.pxdev.xyz\/en\/wp-json\/wp\/v2\/comments?post=6390"}],"version-history":[{"count":0,"href":"https:\/\/dagroup.pxdev.xyz\/en\/wp-json\/wp\/v2\/pages\/6390\/revisions"}],"wp:attachment":[{"href":"https:\/\/dagroup.pxdev.xyz\/en\/wp-json\/wp\/v2\/media?parent=6390"}],"curies":[{"name":"wp","href":"https:\/\/api.w.org\/{rel}","templated":true}]}}